{"id":11673,"date":"2025-03-24T07:32:34","date_gmt":"2025-03-24T06:32:34","guid":{"rendered":"https:\/\/www.nubeocho.comproducto\/buscar-cat\/"},"modified":"2025-03-31T11:46:08","modified_gmt":"2025-03-31T09:46:08","slug":"buscar-cat","status":"publish","type":"product","link":"https:\/\/www.nubeocho.com\/ca\/producte\/buscar-cat\/","title":{"rendered":"Buscar"},"content":{"rendered":"<p>En Bu sempre camina mirant a terra. Els seus amics i ve\u00efns li pregunten qu\u00e8 fa, i ell sempre contesta el mateix: buscar. Fins que un dia alguna cosa l\u2019obliga a aixecar el cap.<\/p>\n<p><em>Buscar<\/em> \u00e9s una hist\u00f2ria que ens ajudar a valorar el que tenim a prop i que, a vegades, no veiem. Mitjan\u00e7ant les seves il\u00b7lustracions es pot treballar l\u2019observaci\u00f3, trobar vocabulari, n\u00fameros i con\u00e8ixer molts personatges divertits.<br \/>\nT\u2019animes a BUSCAR?<\/p>\n<p>&nbsp;<\/p>\n<p><strong>TRADUCTORS<\/strong><\/p>\n<p>Catal\u00e0: Pilar Viciana.<\/p>\n","protected":false},"excerpt":{"rendered":"<p><em>Buscar<\/em> fa deu anys! Un \u00e0lbum escrit i il\u00b7lustrat per la coneguda Olga de Dios que incita a l\u2019experimentaci\u00f3, l\u2019observaci\u00f3 i el descobriment.<\/p>\n","protected":false},"featured_media":5395,"template":"","meta":[],"product_brand":[],"product_cat":[696,697],"product_tag":[1604,1620,1644],"class_list":{"0":"post-11673","1":"product","2":"type-product","3":"status-publish","4":"has-post-thumbnail","6":"colecciones-colleccio-som8","7":"edades-4-ca","8":"product_cat-cataleg","9":"product_cat-llibre-illustrat","10":"product_tag-amistat","11":"product_tag-emocions","12":"product_tag-per-reflexionar","14":"first","15":"instock","16":"product-type-simple"},"acf":[],"_links":{"self":[{"href":"https:\/\/www.nubeocho.com\/ca\/wp-json\/wp\/v2\/product\/11673","targetHints":{"allow":["GET"]}}],"collection":[{"href":"https:\/\/www.nubeocho.com\/ca\/wp-json\/wp\/v2\/product"}],"about":[{"href":"https:\/\/www.nubeocho.com\/ca\/wp-json\/wp\/v2\/types\/product"}],"wp:featuredmedia":[{"embeddable":true,"href":"https:\/\/www.nubeocho.com\/ca\/wp-json\/wp\/v2\/media\/5395"}],"wp:attachment":[{"href":"https:\/\/www.nubeocho.com\/ca\/wp-json\/wp\/v2\/media?parent=11673"}],"wp:term":[{"taxonomy":"product_brand","embeddable":true,"href":"https:\/\/www.nubeocho.com\/ca\/wp-json\/wp\/v2\/product_brand?post=11673"},{"taxonomy":"product_cat","embeddable":true,"href":"https:\/\/www.nubeocho.com\/ca\/wp-json\/wp\/v2\/product_cat?post=11673"},{"taxonomy":"product_tag","embeddable":true,"href":"https:\/\/www.nubeocho.com\/ca\/wp-json\/wp\/v2\/product_tag?post=11673"}],"curies":[{"name":"wp","href":"https:\/\/api.w.org\/{rel}","templated":true}]}}