{"id":11661,"date":"2018-04-02T16:41:14","date_gmt":"2018-04-02T14:41:14","guid":{"rendered":"https:\/\/www.nubeocho.comproducto\/princeses-valentes-cat\/"},"modified":"2022-01-24T09:52:04","modified_gmt":"2022-01-24T08:52:04","slug":"princeses-valentes-cat","status":"publish","type":"product","link":"https:\/\/www.nubeocho.com\/ca\/producte\/princeses-valentes-cat\/","title":{"rendered":"Les princeses m\u00e9s valentes"},"content":{"rendered":"<p>La princesa Nin \u00e9s bombera i la princesa Zoe, astronauta; la princesa Cristina du un pegat a l&#8217;ull per\u00f2 \u00e9s la millor jugant a futbol; la princesa Manuela est\u00e0 jubilada; i la princesa Liang va en cadira de rodes i \u00e9s traductora.<\/p>\n<p>Aquestes s\u00f3n algunes de les princeses m\u00e9s valentes. Vine a con\u00e8ixer-les i descobrir\u00e0s moltes altres princeses valentes al teu voltant.<\/p>\n<p>I tu, coneixes alguna princesa valenta?<\/p>\n","protected":false},"excerpt":{"rendered":"<p>Vine a con\u00e8ixer-les i descobrir\u00e0s moltes altres princeses valentes al teu voltant.<\/p>\n","protected":false},"featured_media":8864,"template":"","meta":[],"product_brand":[],"product_cat":[696,697],"product_tag":[1614,1635,1644],"class_list":{"0":"post-11661","1":"product","2":"type-product","3":"status-publish","4":"has-post-thumbnail","6":"colecciones-egalite-ca","7":"edades-4-ca","8":"product_cat-cataleg","9":"product_cat-llibre-illustrat","10":"product_tag-diversitat","11":"product_tag-igualtat-feminisme","12":"product_tag-per-reflexionar","14":"first","15":"instock","16":"product-type-simple"},"acf":[],"_links":{"self":[{"href":"https:\/\/www.nubeocho.com\/ca\/wp-json\/wp\/v2\/product\/11661","targetHints":{"allow":["GET"]}}],"collection":[{"href":"https:\/\/www.nubeocho.com\/ca\/wp-json\/wp\/v2\/product"}],"about":[{"href":"https:\/\/www.nubeocho.com\/ca\/wp-json\/wp\/v2\/types\/product"}],"wp:featuredmedia":[{"embeddable":true,"href":"https:\/\/www.nubeocho.com\/ca\/wp-json\/wp\/v2\/media\/8864"}],"wp:attachment":[{"href":"https:\/\/www.nubeocho.com\/ca\/wp-json\/wp\/v2\/media?parent=11661"}],"wp:term":[{"taxonomy":"product_brand","embeddable":true,"href":"https:\/\/www.nubeocho.com\/ca\/wp-json\/wp\/v2\/product_brand?post=11661"},{"taxonomy":"product_cat","embeddable":true,"href":"https:\/\/www.nubeocho.com\/ca\/wp-json\/wp\/v2\/product_cat?post=11661"},{"taxonomy":"product_tag","embeddable":true,"href":"https:\/\/www.nubeocho.com\/ca\/wp-json\/wp\/v2\/product_tag?post=11661"}],"curies":[{"name":"wp","href":"https:\/\/api.w.org\/{rel}","templated":true}]}}