{"id":11660,"date":"2018-01-29T16:41:14","date_gmt":"2018-01-29T15:41:14","guid":{"rendered":"https:\/\/www.nubeocho.comproducto\/ratolineta-mur-vermell-cat\/"},"modified":"2023-12-11T14:50:49","modified_gmt":"2023-12-11T13:50:49","slug":"ratolineta-mur-vermell-cat","status":"publish","type":"product","link":"https:\/\/www.nubeocho.com\/ca\/producte\/ratolineta-mur-vermell-cat\/","title":{"rendered":"La ratolineta i el mur vermell"},"content":{"rendered":"<p>El mur vermell sempre havia estat all\u00e0. Els amics de la Ratolineta no sabien per qu\u00e8. Desconeixien qu\u00e8 hi havia a l&#8217;altre costat. I aix\u00f2 els feia por.<\/p>\n<p>Per\u00f2 la Ratolineta era curiosa de mena i volia esbrinar tant s\u00ed com no qu\u00e8 hi havia darrere del mur vermell. Quan fem front a les nostres pors, descobrim la llibertat.<\/p>\n","protected":false},"excerpt":{"rendered":"<p>Quan fem front a les nostres pors, descobrim la llibertat.<\/p>\n","protected":false},"featured_media":8968,"template":"","meta":[],"product_brand":[],"product_cat":[696,697],"product_tag":[1605,1644,1638],"class_list":{"0":"post-11660","1":"product","2":"type-product","3":"status-publish","4":"has-post-thumbnail","6":"colecciones-colleccio-som8","7":"edades-3-ca","8":"product_cat-cataleg","9":"product_cat-llibre-illustrat","10":"product_tag-autors-internacionals","11":"product_tag-per-reflexionar","12":"product_tag-pors","14":"first","15":"instock","16":"product-type-simple"},"acf":[],"_links":{"self":[{"href":"https:\/\/www.nubeocho.com\/ca\/wp-json\/wp\/v2\/product\/11660","targetHints":{"allow":["GET"]}}],"collection":[{"href":"https:\/\/www.nubeocho.com\/ca\/wp-json\/wp\/v2\/product"}],"about":[{"href":"https:\/\/www.nubeocho.com\/ca\/wp-json\/wp\/v2\/types\/product"}],"wp:featuredmedia":[{"embeddable":true,"href":"https:\/\/www.nubeocho.com\/ca\/wp-json\/wp\/v2\/media\/8968"}],"wp:attachment":[{"href":"https:\/\/www.nubeocho.com\/ca\/wp-json\/wp\/v2\/media?parent=11660"}],"wp:term":[{"taxonomy":"product_brand","embeddable":true,"href":"https:\/\/www.nubeocho.com\/ca\/wp-json\/wp\/v2\/product_brand?post=11660"},{"taxonomy":"product_cat","embeddable":true,"href":"https:\/\/www.nubeocho.com\/ca\/wp-json\/wp\/v2\/product_cat?post=11660"},{"taxonomy":"product_tag","embeddable":true,"href":"https:\/\/www.nubeocho.com\/ca\/wp-json\/wp\/v2\/product_tag?post=11660"}],"curies":[{"name":"wp","href":"https:\/\/api.w.org\/{rel}","templated":true}]}}