{"id":11659,"date":"2018-09-24T18:15:20","date_gmt":"2018-09-24T14:41:59","guid":{"rendered":"https:\/\/www.nubeocho.comproducto\/que-es-aquest-sorroll\/"},"modified":"2023-12-04T10:30:21","modified_gmt":"2023-12-04T09:30:21","slug":"que-es-aquest-soroll","status":"publish","type":"product","link":"https:\/\/www.nubeocho.com\/ca\/producte\/que-es-aquest-soroll\/","title":{"rendered":"Qu\u00e8 \u00e9s aquest soroll?"},"content":{"rendered":"<p>Quan el nostre petit protagonista sent sorolls estranys a casa, s&#8217;imagina qui pot grunyir aix\u00ed: un \u00f3s enorme, un lle\u00f3, un drac, un ogre, un cuc gegant\u2026 Qui gruny aix\u00ed? De vegades, els sons m\u00e9s estranys els pot fer alg\u00fa molt petit\u00f3.<\/p>\n<p>Despr\u00e9s d&#8217;uns quants ensurts, el protagonista descobrir\u00e0 que els grunyits els feia la seva germaneta que demanava &#8220;&#8221;a crits&#8221;&#8221; el seu dinosaure. Grrrrrrr!<\/p>\n","protected":false},"excerpt":{"rendered":"<p>Qui gruny aix\u00ed? De vegades, els sons m\u00e9s estranys els pot fer alg\u00fa molt petit\u00f3.<\/p>\n","protected":false},"featured_media":9677,"template":"","meta":[],"product_brand":[],"product_cat":[696,697],"product_tag":[1605,1626,1632],"class_list":{"0":"post-11659","1":"product","2":"type-product","3":"status-publish","4":"has-post-thumbnail","6":"colecciones-colleccio-som8","7":"edades-3-ca","8":"product_cat-cataleg","9":"product_cat-llibre-illustrat","10":"product_tag-autors-internacionals","11":"product_tag-familia-ca","12":"product_tag-humor-ca","14":"first","15":"instock","16":"product-type-simple"},"acf":[],"_links":{"self":[{"href":"https:\/\/www.nubeocho.com\/ca\/wp-json\/wp\/v2\/product\/11659","targetHints":{"allow":["GET"]}}],"collection":[{"href":"https:\/\/www.nubeocho.com\/ca\/wp-json\/wp\/v2\/product"}],"about":[{"href":"https:\/\/www.nubeocho.com\/ca\/wp-json\/wp\/v2\/types\/product"}],"wp:featuredmedia":[{"embeddable":true,"href":"https:\/\/www.nubeocho.com\/ca\/wp-json\/wp\/v2\/media\/9677"}],"wp:attachment":[{"href":"https:\/\/www.nubeocho.com\/ca\/wp-json\/wp\/v2\/media?parent=11659"}],"wp:term":[{"taxonomy":"product_brand","embeddable":true,"href":"https:\/\/www.nubeocho.com\/ca\/wp-json\/wp\/v2\/product_brand?post=11659"},{"taxonomy":"product_cat","embeddable":true,"href":"https:\/\/www.nubeocho.com\/ca\/wp-json\/wp\/v2\/product_cat?post=11659"},{"taxonomy":"product_tag","embeddable":true,"href":"https:\/\/www.nubeocho.com\/ca\/wp-json\/wp\/v2\/product_tag?post=11659"}],"curies":[{"name":"wp","href":"https:\/\/api.w.org\/{rel}","templated":true}]}}