{"id":11658,"date":"2019-03-11T16:41:59","date_gmt":"2019-03-11T15:41:59","guid":{"rendered":"https:\/\/www.nubeocho.comproducto\/vols-ser-el-meu-amic\/"},"modified":"2023-11-29T13:56:21","modified_gmt":"2023-11-29T12:56:21","slug":"vols-ser-el-meu-amic","status":"publish","type":"product","link":"https:\/\/www.nubeocho.com\/ca\/producte\/vols-ser-el-meu-amic\/","title":{"rendered":"Vols ser el meu amic?"},"content":{"rendered":"<p>\u00c9s dif\u00edcil fer amics? A vegades no ens adonem que podr\u00edem trobar un gran amic ben a prop.<\/p>\n<p>Il\u00b7lustrat per la prestigiosa Jenni Desmond. Fer amics potser \u00e9s m\u00e9s f\u00e0cil del que pensem.<\/p>\n","protected":false},"excerpt":{"rendered":"<p>La Lola est\u00e0 una mica sola i el Sim\u00f3, tamb\u00e9\u2026 A cap dels dos se li ha acudit que podrien ser amics.<\/p>\n","protected":false},"featured_media":8663,"template":"","meta":[],"product_brand":[],"product_cat":[696,697],"product_tag":[1604,1605,1620],"class_list":{"0":"post-11658","1":"product","2":"type-product","3":"status-publish","4":"has-post-thumbnail","6":"colecciones-colleccio-som8","7":"edades-3-ca","8":"product_cat-cataleg","9":"product_cat-llibre-illustrat","10":"product_tag-amistat","11":"product_tag-autors-internacionals","12":"product_tag-emocions","14":"first","15":"instock","16":"product-type-simple"},"acf":[],"_links":{"self":[{"href":"https:\/\/www.nubeocho.com\/ca\/wp-json\/wp\/v2\/product\/11658","targetHints":{"allow":["GET"]}}],"collection":[{"href":"https:\/\/www.nubeocho.com\/ca\/wp-json\/wp\/v2\/product"}],"about":[{"href":"https:\/\/www.nubeocho.com\/ca\/wp-json\/wp\/v2\/types\/product"}],"wp:featuredmedia":[{"embeddable":true,"href":"https:\/\/www.nubeocho.com\/ca\/wp-json\/wp\/v2\/media\/8663"}],"wp:attachment":[{"href":"https:\/\/www.nubeocho.com\/ca\/wp-json\/wp\/v2\/media?parent=11658"}],"wp:term":[{"taxonomy":"product_brand","embeddable":true,"href":"https:\/\/www.nubeocho.com\/ca\/wp-json\/wp\/v2\/product_brand?post=11658"},{"taxonomy":"product_cat","embeddable":true,"href":"https:\/\/www.nubeocho.com\/ca\/wp-json\/wp\/v2\/product_cat?post=11658"},{"taxonomy":"product_tag","embeddable":true,"href":"https:\/\/www.nubeocho.com\/ca\/wp-json\/wp\/v2\/product_tag?post=11658"}],"curies":[{"name":"wp","href":"https:\/\/api.w.org\/{rel}","templated":true}]}}