{"id":11656,"date":"2016-11-07T10:32:19","date_gmt":"2018-04-02T08:32:34","guid":{"rendered":"https:\/\/www.nubeocho.comproducto\/bogo-guillot-que-ho-volia-tot-cat\/"},"modified":"2022-09-29T08:21:49","modified_gmt":"2022-09-29T06:21:49","slug":"bogo-guillot-que-ho-volia-tot-cat","status":"publish","type":"product","link":"https:\/\/www.nubeocho.com\/ca\/producte\/bogo-guillot-que-ho-volia-tot-cat\/","title":{"rendered":"En Bogo el guillot que ho volia tot"},"content":{"rendered":"<p>En Bogo el guillot vivia entre les branques d&#8217;un gran arbre. Un dia va decidir que inventaria cosas meravelloses per tenir tot el que volgu\u00e9s. Una divertida hist\u00f2ria per ensenyar-nos que les qualitats que cadasc\u00fa de nosaltres tenim s\u00f3n \u00faniques i ens fan especials. Amb aquest libre abordem temes com la diversitat i els complexos. Galardonat amb el Junior Library Guild.<\/p>\n","protected":false},"excerpt":{"rendered":"<p>Una divertida hist\u00f2ria per ensenyar-nos que les qualitats que cadasc\u00fa de nosaltres tenim s\u00f3n \u00faniques i ens fan especials.<\/p>\n","protected":false},"featured_media":6908,"template":"","meta":[],"product_brand":[],"product_cat":[696,697],"product_tag":[1614,1620,1632],"class_list":{"0":"post-11656","1":"product","2":"type-product","3":"status-publish","4":"has-post-thumbnail","6":"colecciones-colleccio-som8","7":"edades-4-ca","8":"product_cat-cataleg","9":"product_cat-llibre-illustrat","10":"product_tag-diversitat","11":"product_tag-emocions","12":"product_tag-humor-ca","14":"first","15":"instock","16":"product-type-simple"},"acf":[],"_links":{"self":[{"href":"https:\/\/www.nubeocho.com\/ca\/wp-json\/wp\/v2\/product\/11656","targetHints":{"allow":["GET"]}}],"collection":[{"href":"https:\/\/www.nubeocho.com\/ca\/wp-json\/wp\/v2\/product"}],"about":[{"href":"https:\/\/www.nubeocho.com\/ca\/wp-json\/wp\/v2\/types\/product"}],"wp:featuredmedia":[{"embeddable":true,"href":"https:\/\/www.nubeocho.com\/ca\/wp-json\/wp\/v2\/media\/6908"}],"wp:attachment":[{"href":"https:\/\/www.nubeocho.com\/ca\/wp-json\/wp\/v2\/media?parent=11656"}],"wp:term":[{"taxonomy":"product_brand","embeddable":true,"href":"https:\/\/www.nubeocho.com\/ca\/wp-json\/wp\/v2\/product_brand?post=11656"},{"taxonomy":"product_cat","embeddable":true,"href":"https:\/\/www.nubeocho.com\/ca\/wp-json\/wp\/v2\/product_cat?post=11656"},{"taxonomy":"product_tag","embeddable":true,"href":"https:\/\/www.nubeocho.com\/ca\/wp-json\/wp\/v2\/product_tag?post=11656"}],"curies":[{"name":"wp","href":"https:\/\/api.w.org\/{rel}","templated":true}]}}