{"id":11644,"date":"2019-03-18T09:40:10","date_gmt":"2019-11-19T08:57:55","guid":{"rendered":"https:\/\/www.nubeocho.comproducto\/illa-mocs-cat\/"},"modified":"2023-11-29T13:45:07","modified_gmt":"2023-11-29T12:45:07","slug":"illa-mocs-cat","status":"publish","type":"product","link":"https:\/\/www.nubeocho.com\/ca\/producte\/illa-mocs-cat\/","title":{"rendered":"L&#8217;illa dels mocs"},"content":{"rendered":"<p>Una vegada hi havia un pirata molt petit, molt petit, anomenat Seraf\u00ed. El dia en qu\u00e8 en Seraf\u00ed i la seva tripulaci\u00f3 van arribar a l&#8217;illa d&#8217;Atxim, nassos de totes les mides van comen\u00e7ar a atacar-los amb\u2026 esternuts i mocs!<\/p>\n","protected":false},"excerpt":{"rendered":"<p>El petit pirata Seraf\u00ed i la seva tripulaci\u00f3 s&#8217;enfronten a nassos gegants i mocs, molts mocs!<\/p>\n","protected":false},"featured_media":4745,"template":"","meta":[],"product_brand":[],"product_cat":[696,697],"product_tag":[1623,1608],"class_list":{"0":"post-11644","1":"product","2":"type-product","3":"status-publish","4":"has-post-thumbnail","6":"colecciones-el-petit-pirata-serafi","7":"edades-4-ca","8":"product_cat-cataleg","9":"product_cat-llibre-illustrat","10":"product_tag-escatologics","11":"product_tag-noies-i-nois-pirata","13":"first","14":"instock","15":"taxable","16":"shipping-taxable","17":"product-type-simple"},"acf":[],"_links":{"self":[{"href":"https:\/\/www.nubeocho.com\/ca\/wp-json\/wp\/v2\/product\/11644","targetHints":{"allow":["GET"]}}],"collection":[{"href":"https:\/\/www.nubeocho.com\/ca\/wp-json\/wp\/v2\/product"}],"about":[{"href":"https:\/\/www.nubeocho.com\/ca\/wp-json\/wp\/v2\/types\/product"}],"wp:featuredmedia":[{"embeddable":true,"href":"https:\/\/www.nubeocho.com\/ca\/wp-json\/wp\/v2\/media\/4745"}],"wp:attachment":[{"href":"https:\/\/www.nubeocho.com\/ca\/wp-json\/wp\/v2\/media?parent=11644"}],"wp:term":[{"taxonomy":"product_brand","embeddable":true,"href":"https:\/\/www.nubeocho.com\/ca\/wp-json\/wp\/v2\/product_brand?post=11644"},{"taxonomy":"product_cat","embeddable":true,"href":"https:\/\/www.nubeocho.com\/ca\/wp-json\/wp\/v2\/product_cat?post=11644"},{"taxonomy":"product_tag","embeddable":true,"href":"https:\/\/www.nubeocho.com\/ca\/wp-json\/wp\/v2\/product_tag?post=11644"}],"curies":[{"name":"wp","href":"https:\/\/api.w.org\/{rel}","templated":true}]}}