{"id":11640,"date":"2014-05-26T08:53:58","date_gmt":"2014-05-26T06:53:58","guid":{"rendered":"https:\/\/www.nubeocho.comproducto\/els-gulins-cat\/"},"modified":"2023-12-13T09:49:22","modified_gmt":"2023-12-13T08:49:22","slug":"els-gulins-cat","status":"publish","type":"product","link":"https:\/\/www.nubeocho.com\/ca\/producte\/els-gulins-cat\/","title":{"rendered":"Els Gulins"},"content":{"rendered":"<p>Vine amb nosaltres al planeta Gala i descobreix totes les seves meravelles: els galarbres, les galatines i els galaordinadors\u2026 Tamb\u00e9 coneixer\u00e0s als gulins, uns simp\u00e0tics alien\u00edgenes que intenten salvar el seu planeta.<\/p>\n","protected":false},"excerpt":{"rendered":"<p>Vine amb nosaltres al planeta Gala i descobreix totes les seves meravelles: els galarbres, les galatines i els galaordinadors\u2026<\/p>\n","protected":false},"featured_media":4595,"template":"","meta":[],"product_brand":[],"product_cat":[696,697],"product_tag":[1604,1626],"class_list":{"0":"post-11640","1":"product","2":"type-product","3":"status-publish","4":"has-post-thumbnail","6":"colecciones-colleccio-som8","7":"edades-4-ca","8":"product_cat-cataleg","9":"product_cat-llibre-illustrat","10":"product_tag-amistat","11":"product_tag-familia-ca","13":"first","14":"instock","15":"product-type-simple"},"acf":[],"_links":{"self":[{"href":"https:\/\/www.nubeocho.com\/ca\/wp-json\/wp\/v2\/product\/11640","targetHints":{"allow":["GET"]}}],"collection":[{"href":"https:\/\/www.nubeocho.com\/ca\/wp-json\/wp\/v2\/product"}],"about":[{"href":"https:\/\/www.nubeocho.com\/ca\/wp-json\/wp\/v2\/types\/product"}],"wp:featuredmedia":[{"embeddable":true,"href":"https:\/\/www.nubeocho.com\/ca\/wp-json\/wp\/v2\/media\/4595"}],"wp:attachment":[{"href":"https:\/\/www.nubeocho.com\/ca\/wp-json\/wp\/v2\/media?parent=11640"}],"wp:term":[{"taxonomy":"product_brand","embeddable":true,"href":"https:\/\/www.nubeocho.com\/ca\/wp-json\/wp\/v2\/product_brand?post=11640"},{"taxonomy":"product_cat","embeddable":true,"href":"https:\/\/www.nubeocho.com\/ca\/wp-json\/wp\/v2\/product_cat?post=11640"},{"taxonomy":"product_tag","embeddable":true,"href":"https:\/\/www.nubeocho.com\/ca\/wp-json\/wp\/v2\/product_tag?post=11640"}],"curies":[{"name":"wp","href":"https:\/\/api.w.org\/{rel}","templated":true}]}}