{"id":11638,"date":"2020-03-16T10:15:43","date_gmt":"2020-03-16T09:15:43","guid":{"rendered":"https:\/\/www.nubeocho.comproducto\/em-portare-molt-be-cat\/"},"modified":"2025-01-28T10:06:30","modified_gmt":"2025-01-28T09:06:30","slug":"em-portare-molt-be-cat","status":"publish","type":"product","link":"https:\/\/www.nubeocho.com\/ca\/producte\/em-portare-molt-be-cat\/","title":{"rendered":"Em portar\u00e9 molt b\u00e9"},"content":{"rendered":"<p>El Sim\u00f3 vol ser el millor gos del m\u00f3n. Es portar\u00e0 molt b\u00e9. Per\u00f2 quan l\u2019Alfonso, el seu amo, surt a fer un enc\u00e0rrec, el Sim\u00f3 veu que a la taula de la cuina hi ha un delici\u00f3s past\u00eds i \u00e9s que\u2026 \u00e9s que\u2026 No ho pot evitar! I despr\u00e9s veu un gat! Al Sim\u00f3 li encanta perseguir gats\u2026 Ser bo sempre \u00e9s molt dif\u00edcil. Sobretot per al Sim\u00f3! Un divertid\u00edssim llibre del prestigi\u00f3s autor i il\u2022lustrador Chris Haughton<\/p>\n","protected":false},"excerpt":{"rendered":"<p>El gos Sim\u00f3 vol portar-se molt b\u00e9, per\u00f2 quan el seu amo Alfonso el deixa sol, veu un delici\u00f3s past\u00eds i \u00e9s que\u2026 No ho pot evitar! Ser bo pot ser molt dif\u00edcil\u2026<\/p>\n","protected":false},"featured_media":4367,"template":"","meta":[],"product_brand":[],"product_cat":[696,697,1383],"product_tag":[1604,1605,1632],"class_list":{"0":"post-11638","1":"product","2":"type-product","3":"status-publish","4":"has-post-thumbnail","6":"colecciones-colleccio-som8","7":"edades-2-ca","8":"product_cat-cataleg","9":"product_cat-llibre-illustrat","10":"product_cat-novetats","11":"product_tag-amistat","12":"product_tag-autors-internacionals","13":"product_tag-humor-ca","15":"first","16":"instock","17":"product-type-simple"},"acf":[],"_links":{"self":[{"href":"https:\/\/www.nubeocho.com\/ca\/wp-json\/wp\/v2\/product\/11638","targetHints":{"allow":["GET"]}}],"collection":[{"href":"https:\/\/www.nubeocho.com\/ca\/wp-json\/wp\/v2\/product"}],"about":[{"href":"https:\/\/www.nubeocho.com\/ca\/wp-json\/wp\/v2\/types\/product"}],"wp:featuredmedia":[{"embeddable":true,"href":"https:\/\/www.nubeocho.com\/ca\/wp-json\/wp\/v2\/media\/4367"}],"wp:attachment":[{"href":"https:\/\/www.nubeocho.com\/ca\/wp-json\/wp\/v2\/media?parent=11638"}],"wp:term":[{"taxonomy":"product_brand","embeddable":true,"href":"https:\/\/www.nubeocho.com\/ca\/wp-json\/wp\/v2\/product_brand?post=11638"},{"taxonomy":"product_cat","embeddable":true,"href":"https:\/\/www.nubeocho.com\/ca\/wp-json\/wp\/v2\/product_cat?post=11638"},{"taxonomy":"product_tag","embeddable":true,"href":"https:\/\/www.nubeocho.com\/ca\/wp-json\/wp\/v2\/product_tag?post=11638"}],"curies":[{"name":"wp","href":"https:\/\/api.w.org\/{rel}","templated":true}]}}