{"id":11635,"date":"2018-10-01T10:15:43","date_gmt":"2018-12-10T09:15:43","guid":{"rendered":"https:\/\/www.nubeocho.comproducto\/visca-ungles-de-colors-cat\/"},"modified":"2026-03-05T09:29:34","modified_gmt":"2026-03-05T08:29:34","slug":"visca-ungles-de-colors-cat","status":"publish","type":"product","link":"https:\/\/www.nubeocho.com\/ca\/producte\/visca-ungles-de-colors-cat\/","title":{"rendered":"Visca les ungles de colors!"},"content":{"rendered":"<p>A en Joan li agradava pintar-se les ungles i quan se&#8217;n van riure d&#8217;ell a l&#8217;escola, el seu pare va decidir recolzar-lo i pintar-se-les ell tamb\u00e9. Aquesta \u00e9s una hist\u00f2ria inspirada en fets reals<\/p>\n","protected":false},"excerpt":{"rendered":"<p>Qui ha dit que elsnens no poden pintar-se les ungles? Una hist\u00f2riasenzilla que tanca una petitarevoluci\u00f3.<\/p>\n","protected":false},"featured_media":4325,"template":"","meta":[],"product_brand":[],"product_cat":[696,697],"product_tag":[1523,1614,1629,1644],"class_list":{"0":"post-11635","1":"product","2":"type-product","3":"status-publish","4":"has-post-thumbnail","6":"colecciones-egalite-ca","7":"edades-3-ca","8":"product_cat-cataleg","9":"product_cat-llibre-illustrat","10":"product_tag-assetjament-escolar","11":"product_tag-diversitat","12":"product_tag-grans-exits-els-mes-venuts","13":"product_tag-per-reflexionar","15":"first","16":"instock","17":"product-type-simple"},"acf":[],"_links":{"self":[{"href":"https:\/\/www.nubeocho.com\/ca\/wp-json\/wp\/v2\/product\/11635","targetHints":{"allow":["GET"]}}],"collection":[{"href":"https:\/\/www.nubeocho.com\/ca\/wp-json\/wp\/v2\/product"}],"about":[{"href":"https:\/\/www.nubeocho.com\/ca\/wp-json\/wp\/v2\/types\/product"}],"wp:featuredmedia":[{"embeddable":true,"href":"https:\/\/www.nubeocho.com\/ca\/wp-json\/wp\/v2\/media\/4325"}],"wp:attachment":[{"href":"https:\/\/www.nubeocho.com\/ca\/wp-json\/wp\/v2\/media?parent=11635"}],"wp:term":[{"taxonomy":"product_brand","embeddable":true,"href":"https:\/\/www.nubeocho.com\/ca\/wp-json\/wp\/v2\/product_brand?post=11635"},{"taxonomy":"product_cat","embeddable":true,"href":"https:\/\/www.nubeocho.com\/ca\/wp-json\/wp\/v2\/product_cat?post=11635"},{"taxonomy":"product_tag","embeddable":true,"href":"https:\/\/www.nubeocho.com\/ca\/wp-json\/wp\/v2\/product_tag?post=11635"}],"curies":[{"name":"wp","href":"https:\/\/api.w.org\/{rel}","templated":true}]}}