{"id":11631,"date":"2020-02-10T10:15:43","date_gmt":"2020-02-10T09:15:43","guid":{"rendered":"https:\/\/www.nubeocho.comproducto\/un-vampir-perilloz-cat\/"},"modified":"2024-12-16T14:47:14","modified_gmt":"2024-12-16T13:47:14","slug":"un-vampir-perilloz-cat","status":"publish","type":"product","link":"https:\/\/www.nubeocho.com\/ca\/producte\/un-vampir-perilloz-cat\/","title":{"rendered":"Un vampir perilloz"},"content":{"rendered":"<p>Una nena passejava per un carrer buit de la llunyana Transsilv\u00e0nia quan de sobte, va apar\u00e8ixer una enorme ombra! Una ombra que la va sorprendre! -Z\u00d3C UN VAMPIR! UN VAMPIR PERILLOZ ! La nena va tremolar, per\u00f2 de riure. Aquest petit vampir no aconsegueix donar un esglai a ning\u00fa. A aquest pas no podr\u00e0 superar l&#8217;examen de l&#8217;escola de vampirs&#8230; Una divertid\u00edssima hist\u00f2ria per a superar les nostres pors, de Jos\u00e9 Carlos Andr\u00e9s, autor de Los miedos del Capit\u00e1n Cacurcias o Adoptem un dinosaure!. II\u2022lustrat per G\u00f3mez, reconeguda per Daniela pirata, El dit en el nas o Ni guau ni miau.<\/p>\n","protected":false},"excerpt":{"rendered":"<p>El petit vampir no aconsegueix donar un gran esglai. A aquest pas no superar\u00e0 l&#8217;examen de l&#8217;ezcola de vampirz<\/p>\n","protected":false},"featured_media":4226,"template":"","meta":[],"product_brand":[],"product_cat":[696,697],"product_tag":[1629,1632,1638],"class_list":{"0":"post-11631","1":"product","2":"type-product","3":"status-publish","4":"has-post-thumbnail","6":"colecciones-monstruosos-ca","7":"edades-3-ca","8":"product_cat-cataleg","9":"product_cat-llibre-illustrat","10":"product_tag-grans-exits-els-mes-venuts","11":"product_tag-humor-ca","12":"product_tag-pors","14":"first","15":"instock","16":"product-type-simple"},"acf":[],"_links":{"self":[{"href":"https:\/\/www.nubeocho.com\/ca\/wp-json\/wp\/v2\/product\/11631","targetHints":{"allow":["GET"]}}],"collection":[{"href":"https:\/\/www.nubeocho.com\/ca\/wp-json\/wp\/v2\/product"}],"about":[{"href":"https:\/\/www.nubeocho.com\/ca\/wp-json\/wp\/v2\/types\/product"}],"wp:featuredmedia":[{"embeddable":true,"href":"https:\/\/www.nubeocho.com\/ca\/wp-json\/wp\/v2\/media\/4226"}],"wp:attachment":[{"href":"https:\/\/www.nubeocho.com\/ca\/wp-json\/wp\/v2\/media?parent=11631"}],"wp:term":[{"taxonomy":"product_brand","embeddable":true,"href":"https:\/\/www.nubeocho.com\/ca\/wp-json\/wp\/v2\/product_brand?post=11631"},{"taxonomy":"product_cat","embeddable":true,"href":"https:\/\/www.nubeocho.com\/ca\/wp-json\/wp\/v2\/product_cat?post=11631"},{"taxonomy":"product_tag","embeddable":true,"href":"https:\/\/www.nubeocho.com\/ca\/wp-json\/wp\/v2\/product_tag?post=11631"}],"curies":[{"name":"wp","href":"https:\/\/api.w.org\/{rel}","templated":true}]}}