{"id":11627,"date":"2019-04-22T10:15:43","date_gmt":"2019-04-22T08:15:43","guid":{"rendered":"https:\/\/www.nubeocho.comproducto\/una-mica-perdut-cat-2\/"},"modified":"2022-03-30T14:16:59","modified_gmt":"2022-03-30T12:16:59","slug":"una-mica-perdut-cat-2","status":"publish","type":"product","link":"https:\/\/www.nubeocho.com\/ca\/producte\/una-mica-perdut-cat-2\/","title":{"rendered":"Una mica perdut"},"content":{"rendered":"<p>El mussolet s&#8217;ha perdut i no troba a la seva mare. L&#8217;esquirol l&#8217;ajudar\u00e0. Aconseguir\u00e0 el mussolet tomar al seu niu? M\u00e9s de 600.000 llibres venuts. Una petita obra mestra. Tendresa i somriures per igual.<\/p>\n","protected":false},"excerpt":{"rendered":"<p>Trobar\u00e0 Petit Mussol a la seva mam\u00e0? El gran best seller de Chris Haughton.<\/p>\n","protected":false},"featured_media":4253,"template":"","meta":[],"product_brand":[],"product_cat":[696,697],"product_tag":[1605,1626,1629,1632],"class_list":{"0":"post-11627","1":"product","2":"type-product","3":"status-publish","4":"has-post-thumbnail","6":"colecciones-colleccio-som8","7":"edades-2-ca","8":"product_cat-cataleg","9":"product_cat-llibre-illustrat","10":"product_tag-autors-internacionals","11":"product_tag-familia-ca","12":"product_tag-grans-exits-els-mes-venuts","13":"product_tag-humor-ca","15":"first","16":"instock","17":"product-type-simple"},"acf":[],"_links":{"self":[{"href":"https:\/\/www.nubeocho.com\/ca\/wp-json\/wp\/v2\/product\/11627","targetHints":{"allow":["GET"]}}],"collection":[{"href":"https:\/\/www.nubeocho.com\/ca\/wp-json\/wp\/v2\/product"}],"about":[{"href":"https:\/\/www.nubeocho.com\/ca\/wp-json\/wp\/v2\/types\/product"}],"wp:featuredmedia":[{"embeddable":true,"href":"https:\/\/www.nubeocho.com\/ca\/wp-json\/wp\/v2\/media\/4253"}],"wp:attachment":[{"href":"https:\/\/www.nubeocho.com\/ca\/wp-json\/wp\/v2\/media?parent=11627"}],"wp:term":[{"taxonomy":"product_brand","embeddable":true,"href":"https:\/\/www.nubeocho.com\/ca\/wp-json\/wp\/v2\/product_brand?post=11627"},{"taxonomy":"product_cat","embeddable":true,"href":"https:\/\/www.nubeocho.com\/ca\/wp-json\/wp\/v2\/product_cat?post=11627"},{"taxonomy":"product_tag","embeddable":true,"href":"https:\/\/www.nubeocho.com\/ca\/wp-json\/wp\/v2\/product_tag?post=11627"}],"curies":[{"name":"wp","href":"https:\/\/api.w.org\/{rel}","templated":true}]}}