{"id":11626,"date":"2019-11-04T11:59:47","date_gmt":"2019-11-04T10:59:47","guid":{"rendered":"https:\/\/www.nubeocho.comproducto\/una-mica-perdut-cat\/"},"modified":"2023-11-10T14:08:02","modified_gmt":"2023-11-10T13:08:02","slug":"una-mica-perdut-cat","status":"publish","type":"product","link":"https:\/\/www.nubeocho.com\/ca\/producte\/una-mica-perdut-cat\/","title":{"rendered":"Una mica perdut (Llibre de Cartr\u00f3)"},"content":{"rendered":"<p>El mussolet s&#8217;ha perdut i no troba a la seva mare. L&#8217;esquirol l&#8217;ajudar\u00e0. Aconseguir\u00e0 el mussolet tomar al seu niu?<\/p>\n<p>M\u00e9s de 600.000 llibres venuts. Una petita obra mestra. Tendresa i somriures per igual.<\/p>\n","protected":false},"excerpt":{"rendered":"<p>Trobar\u00e0 Petit Mussol a la seva mam\u00e0? El gran best seller de Chris Haughton.<\/p>\n","protected":false},"featured_media":4508,"template":"","meta":[],"product_brand":[],"product_cat":[696,1154],"product_tag":[1605,1647,1626],"class_list":{"0":"post-11626","1":"product","2":"type-product","3":"status-publish","4":"has-post-thumbnail","6":"colecciones-nuvol-de-cartro","7":"edades-0-cat","8":"product_cat-cataleg","9":"product_cat-llibre-de-cartro","10":"product_tag-autors-internacionals","11":"product_tag-cartro","12":"product_tag-familia-ca","14":"first","15":"instock","16":"taxable","17":"shipping-taxable","18":"product-type-simple"},"acf":[],"_links":{"self":[{"href":"https:\/\/www.nubeocho.com\/ca\/wp-json\/wp\/v2\/product\/11626","targetHints":{"allow":["GET"]}}],"collection":[{"href":"https:\/\/www.nubeocho.com\/ca\/wp-json\/wp\/v2\/product"}],"about":[{"href":"https:\/\/www.nubeocho.com\/ca\/wp-json\/wp\/v2\/types\/product"}],"wp:featuredmedia":[{"embeddable":true,"href":"https:\/\/www.nubeocho.com\/ca\/wp-json\/wp\/v2\/media\/4508"}],"wp:attachment":[{"href":"https:\/\/www.nubeocho.com\/ca\/wp-json\/wp\/v2\/media?parent=11626"}],"wp:term":[{"taxonomy":"product_brand","embeddable":true,"href":"https:\/\/www.nubeocho.com\/ca\/wp-json\/wp\/v2\/product_brand?post=11626"},{"taxonomy":"product_cat","embeddable":true,"href":"https:\/\/www.nubeocho.com\/ca\/wp-json\/wp\/v2\/product_cat?post=11626"},{"taxonomy":"product_tag","embeddable":true,"href":"https:\/\/www.nubeocho.com\/ca\/wp-json\/wp\/v2\/product_tag?post=11626"}],"curies":[{"name":"wp","href":"https:\/\/api.w.org\/{rel}","templated":true}]}}