{"id":11618,"date":"2019-09-16T08:41:36","date_gmt":"2019-09-16T06:49:30","guid":{"rendered":"https:\/\/www.nubeocho.comproducto\/et-menjo-petons-cat\/"},"modified":"2023-11-27T14:47:52","modified_gmt":"2023-11-27T13:47:52","slug":"et-menjo-petons-cat","status":"publish","type":"product","link":"https:\/\/www.nubeocho.com\/ca\/producte\/et-menjo-petons-cat\/","title":{"rendered":"Et menjo a petons"},"content":{"rendered":"<p>En Pelut \u00e9s un monstre enorme.En Pelut sempre est\u00e0 de mal humor. En Pelut est\u00e0 sol. Tindr\u00e0 a veure amb el seu mal humor? Els petits raputxinets fugen d\u2019ell&#8230; Aquest monstre es diu Pellut i est\u00e0 sempre de mal humor?<\/p>\n","protected":false},"excerpt":{"rendered":"<p>L&#8217;afecte i el riure poden fer que un monstre enfadat (o un nen) deixin d&#8217;estar de mal humor.<\/p>\n","protected":false},"featured_media":4133,"template":"","meta":[],"product_brand":[],"product_cat":[696,697],"product_tag":[1620],"class_list":{"0":"post-11618","1":"product","2":"type-product","3":"status-publish","4":"has-post-thumbnail","6":"colecciones-colleccio-som8","7":"edades-3-ca","8":"product_cat-cataleg","9":"product_cat-llibre-illustrat","10":"product_tag-emocions","12":"first","13":"instock","14":"product-type-simple"},"acf":[],"_links":{"self":[{"href":"https:\/\/www.nubeocho.com\/ca\/wp-json\/wp\/v2\/product\/11618","targetHints":{"allow":["GET"]}}],"collection":[{"href":"https:\/\/www.nubeocho.com\/ca\/wp-json\/wp\/v2\/product"}],"about":[{"href":"https:\/\/www.nubeocho.com\/ca\/wp-json\/wp\/v2\/types\/product"}],"wp:featuredmedia":[{"embeddable":true,"href":"https:\/\/www.nubeocho.com\/ca\/wp-json\/wp\/v2\/media\/4133"}],"wp:attachment":[{"href":"https:\/\/www.nubeocho.com\/ca\/wp-json\/wp\/v2\/media?parent=11618"}],"wp:term":[{"taxonomy":"product_brand","embeddable":true,"href":"https:\/\/www.nubeocho.com\/ca\/wp-json\/wp\/v2\/product_brand?post=11618"},{"taxonomy":"product_cat","embeddable":true,"href":"https:\/\/www.nubeocho.com\/ca\/wp-json\/wp\/v2\/product_cat?post=11618"},{"taxonomy":"product_tag","embeddable":true,"href":"https:\/\/www.nubeocho.com\/ca\/wp-json\/wp\/v2\/product_tag?post=11618"}],"curies":[{"name":"wp","href":"https:\/\/api.w.org\/{rel}","templated":true}]}}