{"id":11614,"date":"2020-02-17T08:15:10","date_gmt":"2020-02-17T07:15:10","guid":{"rendered":"https:\/\/www.nubeocho.comproducto\/posat-meu-lloc-cat\/"},"modified":"2024-12-10T10:02:06","modified_gmt":"2024-12-10T09:02:06","slug":"posat-meu-lloc","status":"publish","type":"product","link":"https:\/\/www.nubeocho.com\/ca\/producte\/posat-meu-lloc\/","title":{"rendered":"Posa&#8217;t al meu lloc"},"content":{"rendered":"<p>L&#8217;Abella t\u00e9 una ala embolicada amb un fil i no pot volar, la Marieta ha perdut un dels seus piquets mentre els estenia, l&#8217;Aranya t\u00e9 molta seda que filar i en Centpeus necessita cent sabates per a poder sortir a caminar&#8230; Tots ells li demanen ajuda al Grill, per\u00f2 ell no creu que aquestes coses siguin importants. Qu\u00e8 ocorrer\u00e0 quan a ell se li trenquin les cordes del viol\u00ed? L&#8217;ajudaran els seus amics? Un llibre que ens ensenya el valor de l&#8217;empatia, de la popular autora i psic\u00f2loga Susanna Isern, autora de El emocion\u00f3metro deI inspector Drilo i de Daniela pirata.<\/p>\n","protected":false},"excerpt":{"rendered":"<p>En Grill no ajuda als seus amics perqu\u00e8 creu que les coses que li demanen no s\u00f3n importants. No aconsegueix posar-se en el seu lloc.<\/p>\n","protected":false},"featured_media":4046,"template":"","meta":[],"product_brand":[],"product_cat":[696,697],"product_tag":[1620],"class_list":{"0":"post-11614","1":"product","2":"type-product","3":"status-publish","4":"has-post-thumbnail","6":"colecciones-colleccio-som8","7":"edades-4-ca","8":"product_cat-cataleg","9":"product_cat-llibre-illustrat","10":"product_tag-emocions","12":"first","13":"instock","14":"taxable","15":"shipping-taxable","16":"product-type-simple"},"acf":[],"_links":{"self":[{"href":"https:\/\/www.nubeocho.com\/ca\/wp-json\/wp\/v2\/product\/11614","targetHints":{"allow":["GET"]}}],"collection":[{"href":"https:\/\/www.nubeocho.com\/ca\/wp-json\/wp\/v2\/product"}],"about":[{"href":"https:\/\/www.nubeocho.com\/ca\/wp-json\/wp\/v2\/types\/product"}],"wp:featuredmedia":[{"embeddable":true,"href":"https:\/\/www.nubeocho.com\/ca\/wp-json\/wp\/v2\/media\/4046"}],"wp:attachment":[{"href":"https:\/\/www.nubeocho.com\/ca\/wp-json\/wp\/v2\/media?parent=11614"}],"wp:term":[{"taxonomy":"product_brand","embeddable":true,"href":"https:\/\/www.nubeocho.com\/ca\/wp-json\/wp\/v2\/product_brand?post=11614"},{"taxonomy":"product_cat","embeddable":true,"href":"https:\/\/www.nubeocho.com\/ca\/wp-json\/wp\/v2\/product_cat?post=11614"},{"taxonomy":"product_tag","embeddable":true,"href":"https:\/\/www.nubeocho.com\/ca\/wp-json\/wp\/v2\/product_tag?post=11614"}],"curies":[{"name":"wp","href":"https:\/\/api.w.org\/{rel}","templated":true}]}}