{"id":11610,"date":"2019-11-04T12:37:05","date_gmt":"2019-11-04T12:32:15","guid":{"rendered":"https:\/\/www.nubeocho.comproducto\/onada-estels-cat\/"},"modified":"2023-11-13T08:56:03","modified_gmt":"2023-11-13T07:56:03","slug":"onada-estels-cat","status":"publish","type":"product","link":"https:\/\/www.nubeocho.com\/ca\/producte\/onada-estels-cat\/","title":{"rendered":"L&#8217;onada d&#8217;estels"},"content":{"rendered":"<p>Qu\u00e8 passaria si una foca i una tortuga es transformessin en humans? La llegenda diu que si un animal del mar veu l&#8217;arc de Sant Mart\u00ed lunar\u2026 Podran Mimbi i Kipo tornar a ser els qui eren? Podran tornar al mar?<\/p>\n","protected":false},"excerpt":{"rendered":"<p>Una llegenda en la col\u2022lecci\u00f3 NubeClassics. M\u00e0gia i emoci\u00f3 de la m\u00e0 de Dolores Brown i Sonja Wimmer. A Mimbi i a Kipo els agrada ser com s\u00f3n: una foca i una tortuga.<\/p>\n","protected":false},"featured_media":3983,"template":"","meta":[],"product_brand":[],"product_cat":[696,697],"product_tag":[1604,1638],"class_list":{"0":"post-11610","1":"product","2":"type-product","3":"status-publish","4":"has-post-thumbnail","6":"colecciones-nubeclassics-ca","7":"edades-3-ca","8":"product_cat-cataleg","9":"product_cat-llibre-illustrat","10":"product_tag-amistat","11":"product_tag-pors","13":"first","14":"instock","15":"product-type-simple"},"acf":[],"_links":{"self":[{"href":"https:\/\/www.nubeocho.com\/ca\/wp-json\/wp\/v2\/product\/11610","targetHints":{"allow":["GET"]}}],"collection":[{"href":"https:\/\/www.nubeocho.com\/ca\/wp-json\/wp\/v2\/product"}],"about":[{"href":"https:\/\/www.nubeocho.com\/ca\/wp-json\/wp\/v2\/types\/product"}],"wp:featuredmedia":[{"embeddable":true,"href":"https:\/\/www.nubeocho.com\/ca\/wp-json\/wp\/v2\/media\/3983"}],"wp:attachment":[{"href":"https:\/\/www.nubeocho.com\/ca\/wp-json\/wp\/v2\/media?parent=11610"}],"wp:term":[{"taxonomy":"product_brand","embeddable":true,"href":"https:\/\/www.nubeocho.com\/ca\/wp-json\/wp\/v2\/product_brand?post=11610"},{"taxonomy":"product_cat","embeddable":true,"href":"https:\/\/www.nubeocho.com\/ca\/wp-json\/wp\/v2\/product_cat?post=11610"},{"taxonomy":"product_tag","embeddable":true,"href":"https:\/\/www.nubeocho.com\/ca\/wp-json\/wp\/v2\/product_tag?post=11610"}],"curies":[{"name":"wp","href":"https:\/\/api.w.org\/{rel}","templated":true}]}}