{"id":11601,"date":"2020-02-03T12:55:38","date_gmt":"2020-02-03T11:55:38","guid":{"rendered":"https:\/\/www.nubeocho.comproducto\/leo-es-vesteix-cat\/"},"modified":"2023-10-23T15:05:18","modified_gmt":"2023-10-23T13:05:18","slug":"leo-es-vesteix-cat","status":"publish","type":"product","link":"https:\/\/www.nubeocho.com\/ca\/producte\/leo-es-vesteix-cat\/","title":{"rendered":"En Leo es vesteix"},"content":{"rendered":"<p>Han convidat al Leo a una festa, i ha de comen\u00e7ar a preparar-se! Per\u00f2 no est\u00e0 molt conven\u00e7ut sobre qu\u00e8 posar-se&#8230;Un vestit elegant? Un vestit de nit? O potser un vestit de pallasso&#8230;.<\/p>\n","protected":false},"excerpt":{"rendered":"<p>Vesteix al Leo amb aquest divertid\u00edssim llibre de Britta Teckentrup. A vegades, la millor soluci\u00f3 \u00e9s ser un mateix.<\/p>\n","protected":false},"featured_media":15002,"template":"","meta":[],"product_brand":[],"product_cat":[696,1154],"product_tag":[1604,1605,1647],"class_list":{"0":"post-11601","1":"product","2":"type-product","3":"status-publish","4":"has-post-thumbnail","6":"colecciones-nuvol-de-cartro","7":"edades-0-cat","8":"product_cat-cataleg","9":"product_cat-llibre-de-cartro","10":"product_tag-amistat","11":"product_tag-autors-internacionals","12":"product_tag-cartro","14":"first","15":"instock","16":"taxable","17":"shipping-taxable","18":"product-type-simple"},"acf":[],"_links":{"self":[{"href":"https:\/\/www.nubeocho.com\/ca\/wp-json\/wp\/v2\/product\/11601","targetHints":{"allow":["GET"]}}],"collection":[{"href":"https:\/\/www.nubeocho.com\/ca\/wp-json\/wp\/v2\/product"}],"about":[{"href":"https:\/\/www.nubeocho.com\/ca\/wp-json\/wp\/v2\/types\/product"}],"wp:featuredmedia":[{"embeddable":true,"href":"https:\/\/www.nubeocho.com\/ca\/wp-json\/wp\/v2\/media\/15002"}],"wp:attachment":[{"href":"https:\/\/www.nubeocho.com\/ca\/wp-json\/wp\/v2\/media?parent=11601"}],"wp:term":[{"taxonomy":"product_brand","embeddable":true,"href":"https:\/\/www.nubeocho.com\/ca\/wp-json\/wp\/v2\/product_brand?post=11601"},{"taxonomy":"product_cat","embeddable":true,"href":"https:\/\/www.nubeocho.com\/ca\/wp-json\/wp\/v2\/product_cat?post=11601"},{"taxonomy":"product_tag","embeddable":true,"href":"https:\/\/www.nubeocho.com\/ca\/wp-json\/wp\/v2\/product_tag?post=11601"}],"curies":[{"name":"wp","href":"https:\/\/api.w.org\/{rel}","templated":true}]}}