{"id":11598,"date":"2020-03-09T12:39:21","date_gmt":"2020-03-09T11:39:21","guid":{"rendered":"https:\/\/www.nubeocho.comproducto\/hugo-no-pot-dormir-cat\/"},"modified":"2023-10-19T11:18:23","modified_gmt":"2023-10-19T09:18:23","slug":"hugo-no-pot-dormir-cat","status":"publish","type":"product","link":"https:\/\/www.nubeocho.com\/ca\/producte\/hugo-no-pot-dormir-cat\/","title":{"rendered":"L&#8217;Hug no pot dormir"},"content":{"rendered":"<p>\u00c9s de nit, per\u00f2 l\u2019Hug no pot dormir i no sap per qu\u00e8. Li pregunta a la serp, a la gasela, al tigre, al cocodril\u2026 Per\u00f2 els animals nom\u00e9s volen que els deixin dormir tranquils, estan molt cansats. Quan es fa de dia, tots els animals es desperten i l\u2019Hug es queda adormit per fi. Sabr\u00e0 alg\u00fa per qu\u00e8 l\u2019Hug no pot dormir?<\/p>\n","protected":false},"excerpt":{"rendered":"<p>L\u2019Hug \u00e9s un animalet molt inquiet, i aix\u00f2 pot molestar als altres habitants de la selva. Trobar\u00e0 la soluci\u00f3 al seu problema?<\/p>\n","protected":false},"featured_media":3863,"template":"","meta":[],"product_brand":[],"product_cat":[696,697,1383],"product_tag":[1632],"class_list":{"0":"post-11598","1":"product","2":"type-product","3":"status-publish","4":"has-post-thumbnail","6":"colecciones-colleccio-som8","7":"edades-3-ca","8":"product_cat-cataleg","9":"product_cat-llibre-illustrat","10":"product_cat-novetats","11":"product_tag-humor-ca","13":"first","14":"instock","15":"taxable","16":"shipping-taxable","17":"product-type-simple"},"acf":[],"_links":{"self":[{"href":"https:\/\/www.nubeocho.com\/ca\/wp-json\/wp\/v2\/product\/11598","targetHints":{"allow":["GET"]}}],"collection":[{"href":"https:\/\/www.nubeocho.com\/ca\/wp-json\/wp\/v2\/product"}],"about":[{"href":"https:\/\/www.nubeocho.com\/ca\/wp-json\/wp\/v2\/types\/product"}],"wp:featuredmedia":[{"embeddable":true,"href":"https:\/\/www.nubeocho.com\/ca\/wp-json\/wp\/v2\/media\/3863"}],"wp:attachment":[{"href":"https:\/\/www.nubeocho.com\/ca\/wp-json\/wp\/v2\/media?parent=11598"}],"wp:term":[{"taxonomy":"product_brand","embeddable":true,"href":"https:\/\/www.nubeocho.com\/ca\/wp-json\/wp\/v2\/product_brand?post=11598"},{"taxonomy":"product_cat","embeddable":true,"href":"https:\/\/www.nubeocho.com\/ca\/wp-json\/wp\/v2\/product_cat?post=11598"},{"taxonomy":"product_tag","embeddable":true,"href":"https:\/\/www.nubeocho.com\/ca\/wp-json\/wp\/v2\/product_tag?post=11598"}],"curies":[{"name":"wp","href":"https:\/\/api.w.org\/{rel}","templated":true}]}}