{"id":11592,"date":"2019-10-07T13:35:38","date_gmt":"2019-10-07T11:49:26","guid":{"rendered":"https:\/\/www.nubeocho.comproducto\/fedreric-seves-families-cat\/"},"modified":"2023-11-15T14:45:26","modified_gmt":"2023-11-15T13:45:26","slug":"fedreric-seves-families-cat","status":"publish","type":"product","link":"https:\/\/www.nubeocho.com\/ca\/producte\/fedreric-seves-families-cat\/","title":{"rendered":"El Frederic i les seves fam\u00edlies"},"content":{"rendered":"<p>El gat Frederic, de teulada en teulada, visita a totes les seves fam\u00edlies. Al Tadeo, que viu amb els seus avis; a l\u2019Anna i les seves dues mares; a la Virg\u00ednia, el seu pare i la seva mare\u2026 S\u00f3n fam\u00edlies diferents i el Frederic les vol a totes per igual.<\/p>\n","protected":false},"excerpt":{"rendered":"<p>Un llibre de cartr\u00f3 perqu\u00e8 els m\u00e9s petits entenguin la riquesa de la diversitat des del principi.<\/p>\n","protected":false},"featured_media":14909,"template":"","meta":[],"product_brand":[],"product_cat":[696,1154],"product_tag":[1647,1614,1626],"class_list":{"0":"post-11592","1":"product","2":"type-product","3":"status-publish","4":"has-post-thumbnail","6":"colecciones-nuvol-de-cartro","7":"edades-2-ca","8":"product_cat-cataleg","9":"product_cat-llibre-de-cartro","10":"product_tag-cartro","11":"product_tag-diversitat","12":"product_tag-familia-ca","14":"first","15":"instock","16":"taxable","17":"shipping-taxable","18":"product-type-simple"},"acf":[],"_links":{"self":[{"href":"https:\/\/www.nubeocho.com\/ca\/wp-json\/wp\/v2\/product\/11592","targetHints":{"allow":["GET"]}}],"collection":[{"href":"https:\/\/www.nubeocho.com\/ca\/wp-json\/wp\/v2\/product"}],"about":[{"href":"https:\/\/www.nubeocho.com\/ca\/wp-json\/wp\/v2\/types\/product"}],"wp:featuredmedia":[{"embeddable":true,"href":"https:\/\/www.nubeocho.com\/ca\/wp-json\/wp\/v2\/media\/14909"}],"wp:attachment":[{"href":"https:\/\/www.nubeocho.com\/ca\/wp-json\/wp\/v2\/media?parent=11592"}],"wp:term":[{"taxonomy":"product_brand","embeddable":true,"href":"https:\/\/www.nubeocho.com\/ca\/wp-json\/wp\/v2\/product_brand?post=11592"},{"taxonomy":"product_cat","embeddable":true,"href":"https:\/\/www.nubeocho.com\/ca\/wp-json\/wp\/v2\/product_cat?post=11592"},{"taxonomy":"product_tag","embeddable":true,"href":"https:\/\/www.nubeocho.com\/ca\/wp-json\/wp\/v2\/product_tag?post=11592"}],"curies":[{"name":"wp","href":"https:\/\/api.w.org\/{rel}","templated":true}]}}