{"id":11588,"date":"2020-10-06T13:24:09","date_gmt":"2020-10-06T11:24:09","guid":{"rendered":"https:\/\/www.nubeocho.comproducto\/aquesta-caca-es-meva-cat\/"},"modified":"2021-11-15T13:53:36","modified_gmt":"2021-11-15T12:53:36","slug":"aquesta-caca-es-meva-cat","status":"publish","type":"product","link":"https:\/\/www.nubeocho.com\/ca\/producte\/aquesta-caca-es-meva-cat\/","title":{"rendered":"Aquesta caca \u00e9s meva!"},"content":{"rendered":"<p>La mosca Lola troba una gran caca, es posa damunt i declara que, la caca \u00e9s seva! Per\u00f2 la mosca Fiona tamb\u00e9 proclama que, la caca li pertany! Les dues mosques discuteixen i inicien una gran dansa de guerra. Qui es quedar\u00e0 amb la suculenta caca?<\/p>\n","protected":false},"excerpt":{"rendered":"<p>Una gran caca desencadena la batalla entre les mosques Lola i Fiona. \u00ab\u00c9s meva!\u00bb, criden les dues. Qui ser\u00e0 la guanyadora?<\/p>\n","protected":false},"featured_media":3767,"template":"","meta":[],"product_brand":[],"product_cat":[696,697],"product_tag":[1623,1632],"class_list":{"0":"post-11588","1":"product","2":"type-product","3":"status-publish","4":"has-post-thumbnail","6":"colecciones-colleccio-som8","7":"edades-3-ca","8":"product_cat-cataleg","9":"product_cat-llibre-illustrat","10":"product_tag-escatologics","11":"product_tag-humor-ca","13":"first","14":"instock","15":"product-type-simple"},"acf":[],"_links":{"self":[{"href":"https:\/\/www.nubeocho.com\/ca\/wp-json\/wp\/v2\/product\/11588","targetHints":{"allow":["GET"]}}],"collection":[{"href":"https:\/\/www.nubeocho.com\/ca\/wp-json\/wp\/v2\/product"}],"about":[{"href":"https:\/\/www.nubeocho.com\/ca\/wp-json\/wp\/v2\/types\/product"}],"wp:featuredmedia":[{"embeddable":true,"href":"https:\/\/www.nubeocho.com\/ca\/wp-json\/wp\/v2\/media\/3767"}],"wp:attachment":[{"href":"https:\/\/www.nubeocho.com\/ca\/wp-json\/wp\/v2\/media?parent=11588"}],"wp:term":[{"taxonomy":"product_brand","embeddable":true,"href":"https:\/\/www.nubeocho.com\/ca\/wp-json\/wp\/v2\/product_brand?post=11588"},{"taxonomy":"product_cat","embeddable":true,"href":"https:\/\/www.nubeocho.com\/ca\/wp-json\/wp\/v2\/product_cat?post=11588"},{"taxonomy":"product_tag","embeddable":true,"href":"https:\/\/www.nubeocho.com\/ca\/wp-json\/wp\/v2\/product_tag?post=11588"}],"curies":[{"name":"wp","href":"https:\/\/api.w.org\/{rel}","templated":true}]}}