{"id":11574,"date":"2019-10-14T10:18:06","date_gmt":"2019-10-14T08:49:16","guid":{"rendered":"https:\/\/www.nubeocho.comproducto\/coses-bruixa-cat\/"},"modified":"2025-10-09T13:57:34","modified_gmt":"2025-10-09T11:57:34","slug":"coses-bruixa-cat","status":"publish","type":"product","link":"https:\/\/www.nubeocho.com\/ca\/producte\/coses-bruixa-cat\/","title":{"rendered":"Coses de bruixa"},"content":{"rendered":"<p>Aquesta bruixa vol segrestar un nen. Volant amb la seva escombra arriba al parc i all\u00ed troba a Nicolau jugant amb unes nines.<\/p>\n","protected":false},"excerpt":{"rendered":"<p>Qu\u00e8 s\u00f3n les coses de bruixa? El magn\u00edfic \u00e0lbum guanyador del concurs \u201cNarrar la igualtat\u201d<\/p>\n","protected":false},"featured_media":3581,"template":"","meta":[],"product_brand":[],"product_cat":[696,697],"product_tag":[1614,1632,1635],"class_list":{"0":"post-11574","1":"product","2":"type-product","3":"status-publish","4":"has-post-thumbnail","6":"colecciones-egalite-ca","7":"edades-3-ca","8":"product_cat-cataleg","9":"product_cat-llibre-illustrat","10":"product_tag-diversitat","11":"product_tag-humor-ca","12":"product_tag-igualtat-feminisme","14":"first","15":"instock","16":"product-type-simple"},"acf":[],"_links":{"self":[{"href":"https:\/\/www.nubeocho.com\/ca\/wp-json\/wp\/v2\/product\/11574","targetHints":{"allow":["GET"]}}],"collection":[{"href":"https:\/\/www.nubeocho.com\/ca\/wp-json\/wp\/v2\/product"}],"about":[{"href":"https:\/\/www.nubeocho.com\/ca\/wp-json\/wp\/v2\/types\/product"}],"wp:featuredmedia":[{"embeddable":true,"href":"https:\/\/www.nubeocho.com\/ca\/wp-json\/wp\/v2\/media\/3581"}],"wp:attachment":[{"href":"https:\/\/www.nubeocho.com\/ca\/wp-json\/wp\/v2\/media?parent=11574"}],"wp:term":[{"taxonomy":"product_brand","embeddable":true,"href":"https:\/\/www.nubeocho.com\/ca\/wp-json\/wp\/v2\/product_brand?post=11574"},{"taxonomy":"product_cat","embeddable":true,"href":"https:\/\/www.nubeocho.com\/ca\/wp-json\/wp\/v2\/product_cat?post=11574"},{"taxonomy":"product_tag","embeddable":true,"href":"https:\/\/www.nubeocho.com\/ca\/wp-json\/wp\/v2\/product_tag?post=11574"}],"curies":[{"name":"wp","href":"https:\/\/api.w.org\/{rel}","templated":true}]}}