{"id":11835,"date":"2020-09-09T15:00:25","date_gmt":"2020-09-09T15:00:25","guid":{"rendered":"https:\/\/www.nubeocho.comaviso-legal\/"},"modified":"2022-03-28T09:58:22","modified_gmt":"2022-03-28T07:58:22","slug":"aviso-legal","status":"publish","type":"page","link":"https:\/\/www.nubeocho.com\/ca\/aviso-legal\/","title":{"rendered":"Av\u00eds legal"},"content":{"rendered":"<p style=\"text-align: center;\"><strong>AVISO LEGAL<\/strong><\/p>\n<p>PLANET 8 GROUP SL garantiza la privacidad de los datos de car\u00e1cter personal aportados, seg\u00fan la LOPDGDD. La visita a este website no supone que el usuario est\u00e9 obligado a facilitar ninguna informaci\u00f3n sobre s\u00ed mismo, no obstante, durante la visita es posible que se soliciten datos de car\u00e1cter personal a trav\u00e9s de formularios.<\/p>\n<p>Dichos datos ser\u00e1n utilizados para contestar la solicitud por su parte realizada y para el env\u00edo de la misma, tambi\u00e9n ser\u00e1n utilizados para enviarles informaci\u00f3n de nuestra empresa y servicios por cualquier medio de comunicaci\u00f3n, al enviarnos dicho formulario usted est\u00e1 aceptado expl\u00edcitamente la recepci\u00f3n de los mismos, en el caso que no deseara recibir nuestra informaci\u00f3n, \u00fanicamente tendr\u00eda que enviar un correo electr\u00f3nico solicitando la baja de nuestro servicio informativo a &#8216;correo de baja&#8217;, sus datos personales formar\u00e1n parte del fichero clientes, cuyo destinatario y responsable del fichero y del tratamiento del mismo PLANET 8 GROUP S.L. con CIF B87537916, CALLE GRAN VIA 69, 4\u00ba 413, MADRID donde podr\u00e1 ejercer los derechos de acceso, rectificaci\u00f3n, supresi\u00f3n, limitaci\u00f3n al tratamiento, portabilidad y oposici\u00f3n, mediante escrito la direcci\u00f3n antes indicada incluyendo copia del DNI o documento identificativo equivalente. La negativa a proporcionar los datos supondr\u00e1 la no prestaci\u00f3n o la imposibilidad de acceder al servicio para los que eran solicitados.<\/p>\n<p>Usted tiene derecho a recibir respuesta de cualquier pregunta, consulta o aclaraci\u00f3n que le surja derivada de este formulario. En el supuesto de que aporte sus datos a trav\u00e9s de un mensaje de correo electr\u00f3nico, el mismo formar\u00e1 parte del mismo fichero cuya finalidad ser\u00e1 la gesti\u00f3n de la solicitud o comentario que nos realiza, siendo aplicables el resto de los extremos indicados en el p\u00e1rrafo anterior.<\/p>\n<p>Todos sus datos ser\u00e1n dados de baja definitivamente de nuestra base de datos por los siguientes motivos:<\/p>\n<p>1\u00ba- a petici\u00f3n suya.<\/p>\n<p>2\u00ba- cuando hayan dejado de ser necesarios para los fines que motivaron su recogida.<\/p>\n<p>Las partes se someten, a su elecci\u00f3n, para la resoluci\u00f3n de los conflictos y con renuncia a cualquier otro fuero, a los juzgados y tribunales del domicilio del propietario del sitio Web.<\/p>\n","protected":false},"excerpt":{"rendered":"<p>AVISO LEGAL PLANET 8 GROUP SL garantiza la privacidad de los datos de car\u00e1cter personal aportados, seg\u00fan la LOPDGDD. La visita a este website no supone que el usuario est\u00e9 obligado a facilitar ninguna informaci\u00f3n sobre s\u00ed mismo, no obstante, durante la visita es posible que se soliciten datos de car\u00e1cter personal a trav\u00e9s de [&hellip;]<\/p>\n","protected":false},"author":1,"featured_media":0,"parent":0,"menu_order":0,"comment_status":"closed","ping_status":"closed","template":"","meta":{"footnotes":""},"class_list":["post-11835","page","type-page","status-publish","hentry"],"acf":[],"_links":{"self":[{"href":"https:\/\/www.nubeocho.com\/ca\/wp-json\/wp\/v2\/pages\/11835","targetHints":{"allow":["GET"]}}],"collection":[{"href":"https:\/\/www.nubeocho.com\/ca\/wp-json\/wp\/v2\/pages"}],"about":[{"href":"https:\/\/www.nubeocho.com\/ca\/wp-json\/wp\/v2\/types\/page"}],"author":[{"embeddable":true,"href":"https:\/\/www.nubeocho.com\/ca\/wp-json\/wp\/v2\/users\/1"}],"replies":[{"embeddable":true,"href":"https:\/\/www.nubeocho.com\/ca\/wp-json\/wp\/v2\/comments?post=11835"}],"version-history":[{"count":2,"href":"https:\/\/www.nubeocho.com\/ca\/wp-json\/wp\/v2\/pages\/11835\/revisions"}],"predecessor-version":[{"id":15765,"href":"https:\/\/www.nubeocho.com\/ca\/wp-json\/wp\/v2\/pages\/11835\/revisions\/15765"}],"wp:attachment":[{"href":"https:\/\/www.nubeocho.com\/ca\/wp-json\/wp\/v2\/media?parent=11835"}],"curies":[{"name":"wp","href":"https:\/\/api.w.org\/{rel}","templated":true}]}}